{"id":9,"date":"2026-04-12T16:44:38","date_gmt":"2026-04-12T14:44:38","guid":{"rendered":"https:\/\/agnieszka-dominik.pl\/?page_id=9"},"modified":"2026-04-12T19:33:41","modified_gmt":"2026-04-12T17:33:41","slug":"zdjecia","status":"publish","type":"page","link":"https:\/\/agnieszka-dominik.pl\/?page_id=9","title":{"rendered":"Zdj\u0119cia"},"content":{"rendered":"\n<p class=\"wp-block-paragraph\">Link do dysku r\u00f3wnie\u017c udost\u0119pnimy wkr\u00f3tce<\/p>\n","protected":false},"excerpt":{"rendered":"<p>Link do dysku r\u00f3wnie\u017c udost\u0119pnimy wkr\u00f3tce<\/p>\n","protected":false},"author":1,"featured_media":0,"parent":0,"menu_order":0,"comment_status":"closed","ping_status":"closed","template":"","meta":{"_crdt_document":"{\"document\":\"AAAh6obT6A4gocDOyQWqhtPoDuHAzskFIaqG0+gO4cDOyQUEJQYaARleDkyWAdgBAQEIAQ9IAgQCAQIoAmgCNnKGA+IBqAICyAEDCJIDOygAIQEnAAEAJwEoBCcAKBsnAKgAKAFEAIQAqAAhAAcAKAInASgQJwCoASgAJwAoAqgBpwCoAAQBhAPEogvACnN0YXRldmVyc2lvbmRvY3VtZW50ZGF0ZWRvY3VtZW50c3RhdHVzZG9jdW1lbnR0aXRsZWRvY3VtZW50Y29udGVudGRvY3VtZW50ZXhjZXJwdGRvY3VtZW50YXV0aG9yZG9jdW1lbnRmZWF0dXJlZF9tZWRpYWRvY3VtZW50Y29tbWVudF9zdGF0dXNkb2N1bWVudHBpbmdfc3RhdHVzZG9jdW1lbnR0ZW1wbGF0ZWRvY3VtZW50bWV0YV91YWdfY3VzdG9tX3BhZ2VfbGV2ZWxfY3Nzc2l0ZS1zaWRlYmFyLWxheW91dHNpdGUtY29udGVudC1sYXlvdXRhc3Qtc2l0ZS1jb250ZW50LWxheW91dHNpdGUtY29udGVudC1zdHlsZXNpdGUtc2lkZWJhci1zdHlsZWFzdC1nbG9iYWwtaGVhZGVyLWRpc3BsYXlhc3QtYmFubmVyLXRpdGxlLXZpc2liaWxpdHlhc3QtbWFpbi1oZWFkZXItZGlzcGxheWFzdC1oZmItYWJvdmUtaGVhZGVyLWRpc3BsYXlhc3QtaGZiLWJlbG93LWhlYWRlci1kaXNwbGF5YXN0LWhmYi1tb2JpbGUtaGVhZGVyLWRpc3BsYXlzaXRlLXBvc3QtdGl0bGVhc3QtYnJlYWRjcnVtYnMtY29udGVudGFzdC1mZWF0dXJlZC1pbWdmb290ZXItc21sLWxheW91dGFzdC1kaXNhYmxlLXJlbGF0ZWQtcG9zdHN0aGVtZS10cmFuc3BhcmVudC1oZWFkZXItbWV0YWFkdi1oZWFkZXItaWQtbWV0YXN0aWNrLWhlYWRlci1tZXRhaGVhZGVyLWFib3ZlLXN0aWNrLW1ldGFoZWFkZXItbWFpbi1zdGljay1tZXRhaGVhZGVyLWJlbG93LXN0aWNrLW1ldGFhc3RyYS1taWdyYXRlLW1ldGEtbGF5b3V0c2FzdC1wYWdlLWJhY2tncm91bmQtZW5hYmxlZGFzdC1wYWdlLWJhY2tncm91bmQtbWV0YWFzdC1jb250ZW50LWJhY2tncm91bmQtbWV0YWZvb3Rub3Rlc2RvY3VtZW50YmxvY2tzc3RhdGVzYXZlZEF0c3RhdGVzYXZlZEJ5WmRqxJljaWFzdGF0ZXZlcnNpb25jbGllbnRJZGlzVmFsaWRuYW1lYXR0cmlidXRlc2NvbnRlbnRkcm9wQ2FwVUFHSGlkZURlc2t0b3BVQUdIaWRlTW9iVUFHSGlkZVRhYlVBR0xvZ2dlZEluVUFHTG9nZ2VkT3V0VUFHRGF5VUFHUmVzcG9uc2l2ZUNvbmRpdGlvbnNVQUdBbmltYXRpb25UeXBlVUFHQW5pbWF0aW9uVGltZVVBR0FuaW1hdGlvbkRlbGF5VUFHQW5pbWF0aW9uRWFzaW5nVUFHQW5pbWF0aW9uUmVwZWF0VUFHUG9zaXRpb25VQUdTdGlja3lMb2NhdGlvblVBR1N0aWNreVJlc3RyaWN0ZWRVQUdTdGlja3lPZmZzZXRpbm5lckJsb2Nrc3VybGNhcHRpb25hbGxvd1Jlc3BvbnNpdmVyZXNwb25zaXZlcHJldmlld2FibGVMaW5rIGRvIGR5c2t1IHLDs3duaWXFvCB1ZDwhLS0gd3A6cGFyYWdyYXBoIC0tPgo8cD5MaW5rIGRvIGR5c2t1IHLDs3duaWXFvCB1ZDwvcD4KPCEtLSAvd3A6cGFyYWdyYXBoIC0tPm9zdMSZcG5pbWl5IHdrcsOzdGNlb3N0xJlwbmlteSB3a3LDs3RjZQUHCAQIBggFCAcIBwgGCA4IDggLSAEEGlMAF1IAGRsXXAAdDxcQERkdEhEXFhcaGxgbCQgGBQcFBwEGBQcIBwQKRwAOSgALDAYXUAARUgALERMPCwMHDwoLGDEbCAEJEQsBAwAAAQcAGwEDAApCAQEAQQACAEIABUEBBUFBAjAAfQF9AX0AdwZjbG9zZWR3BmNsb3NlZHcAdwB3B2RlZmF1bHR3AHcHZGVmYXVsdHcHZGVmYXVsdHcHZGVmYXVsdHcAdwB3AHcAdwB3AHcAdwB3AHcAdwB3AHcAdwB3AHcAdwB3B2RlZmF1bHR3B2RlZmF1bHR2AwdkZXNrdG9wdgwQYmFja2dyb3VuZC1jb2xvcncZdmFyKC0tYXN0LWdsb2JhbC1jb2xvci01KRBiYWNrZ3JvdW5kLWltYWdldwARYmFja2dyb3VuZC1yZXBlYXR3BnJlcGVhdBNiYWNrZ3JvdW5kLXBvc2l0aW9udw1jZW50ZXIgY2VudGVyD2JhY2tncm91bmQtc2l6ZXcEYXV0bxViYWNrZ3JvdW5kLWF0dGFjaG1lbnR3BnNjcm9sbA9iYWNrZ3JvdW5kLXR5cGV3ABBiYWNrZ3JvdW5kLW1lZGlhdwAMb3ZlcmxheS10eXBldwANb3ZlcmxheS1jb2xvcncAD292ZXJsYXktb3BhY2l0eXcAEG92ZXJsYXktZ3JhZGllbnR3AAZ0YWJsZXR2DBBiYWNrZ3JvdW5kLWNvbG9ydwAQYmFja2dyb3VuZC1pbWFnZXcAEWJhY2tncm91bmQtcmVwZWF0dwZyZXBlYXQTYmFja2dyb3VuZC1wb3NpdGlvbncNY2VudGVyIGNlbnRlcg9iYWNrZ3JvdW5kLXNpemV3BGF1dG8VYmFja2dyb3VuZC1hdHRhY2htZW50dwZzY3JvbGwPYmFja2dyb3VuZC10eXBldwAQYmFja2dyb3VuZC1tZWRpYXcADG92ZXJsYXktdHlwZXcADW92ZXJsYXktY29sb3J3AA9vdmVybGF5LW9wYWNpdHl3ABBvdmVybGF5LWdyYWRpZW50dwAGbW9iaWxldgwQYmFja2dyb3VuZC1jb2xvcncAEGJhY2tncm91bmQtaW1hZ2V3ABFiYWNrZ3JvdW5kLXJlcGVhdHcGcmVwZWF0E2JhY2tncm91bmQtcG9zaXRpb253DWNlbnRlciBjZW50ZXIPYmFja2dyb3VuZC1zaXpldwRhdXRvFWJhY2tncm91bmQtYXR0YWNobWVudHcGc2Nyb2xsD2JhY2tncm91bmQtdHlwZXcAEGJhY2tncm91bmQtbWVkaWF3AAxvdmVybGF5LXR5cGV3AA1vdmVybGF5LWNvbG9ydwAPb3ZlcmxheS1vcGFjaXR5dwAQb3ZlcmxheS1ncmFkaWVudHcAdgMHZGVza3RvcHYMEGJhY2tncm91bmQtY29sb3J3GXZhcigtLWFzdC1nbG9iYWwtY29sb3ItNCkQYmFja2dyb3VuZC1pbWFnZXcAEWJhY2tncm91bmQtcmVwZWF0dwZyZXBlYXQTYmFja2dyb3VuZC1wb3NpdGlvbncNY2VudGVyIGNlbnRlcg9iYWNrZ3JvdW5kLXNpemV3BGF1dG8VYmFja2dyb3VuZC1hdHRhY2htZW50dwZzY3JvbGwPYmFja2dyb3VuZC10eXBldwAQYmFja2dyb3VuZC1tZWRpYXcADG92ZXJsYXktdHlwZXcADW92ZXJsYXktY29sb3J3AA9vdmVybGF5LW9wYWNpdHl3ABBvdmVybGF5LWdyYWRpZW50dwAGdGFibGV0dgwQYmFja2dyb3VuZC1jb2xvcncZdmFyKC0tYXN0LWdsb2JhbC1jb2xvci00KRBiYWNrZ3JvdW5kLWltYWdldwARYmFja2dyb3VuZC1yZXBlYXR3BnJlcGVhdBNiYWNrZ3JvdW5kLXBvc2l0aW9udw1jZW50ZXIgY2VudGVyD2JhY2tncm91bmQtc2l6ZXcEYXV0bxViYWNrZ3JvdW5kLWF0dGFjaG1lbnR3BnNjcm9sbA9iYWNrZ3JvdW5kLXR5cGV3ABBiYWNrZ3JvdW5kLW1lZGlhdwAMb3ZlcmxheS10eXBldwANb3ZlcmxheS1jb2xvcncAD292ZXJsYXktb3BhY2l0eXcAEG92ZXJsYXktZ3JhZGllbnR3AAZtb2JpbGV2DBBiYWNrZ3JvdW5kLWNvbG9ydxl2YXIoLS1hc3QtZ2xvYmFsLWNvbG9yLTQpEGJhY2tncm91bmQtaW1hZ2V3ABFiYWNrZ3JvdW5kLXJlcGVhdHcGcmVwZWF0E2JhY2tncm91bmQtcG9zaXRpb253DWNlbnRlciBjZW50ZXIPYmFja2dyb3VuZC1zaXpldwRhdXRvFWJhY2tncm91bmQtYXR0YWNobWVudHcGc2Nyb2xsD2JhY2tncm91bmQtdHlwZXcAEGJhY2tncm91bmQtbWVkaWF3AAxvdmVybGF5LXR5cGV3AA1vdmVybGF5LWNvbG9ydwAPb3ZlcmxheS1vcGFjaXR5dwAQb3ZlcmxheS1ncmFkaWVudHcAdwB3EzIwMjYtMDQtMTJUMTY6NDQ6Mjh7QnnYInKFUAB9qobT6A53B3B1Ymxpc2grAHckMjZiNWE4NzgtYmQ4MC00YWExLWI4M2ItNjkzZjEzMTI2NDI1eHcOY29yZS9wYXJhZ3JhcGh5eXl5eXl1AHl3AH2QBn0AdwRlYXNleXcAdwN0b3B5fQB3JDNmOGZkNmIyLTZjMDYtNDcxYi1hNjYwLTNmMzRhNzgyNzQ1ZncKY29yZS9lbWJlZHdXaHR0cHM6Ly9kcml2ZS5nb29nbGUuY29tL2RyaXZlL2ZvbGRlcnMvMVBCV2hEVjgzTWNqTUI3WkdhZGdaX3FEblcweFJQQlUyP3VzcD1kcml2ZV9saW5reHl4dyQwOThhYmQyMi01ODBmLTRjYjUtODM1ZC00ZTNkZTI4ZGExMmR3DmNvcmUvcGFyYWdyYXBoeQKqw6m0BwIBAQEEoaDn5AIGAAABAAEAAQERBnAA\",\"updateId\":397819916}","_uag_custom_page_level_css":"","site-sidebar-layout":"default","site-content-layout":"","ast-site-content-layout":"default","site-content-style":"default","site-sidebar-style":"default","ast-global-header-display":"","ast-banner-title-visibility":"","ast-main-header-display":"","ast-hfb-above-header-display":"","ast-hfb-below-header-display":"","ast-hfb-mobile-header-display":"","site-post-title":"","ast-breadcrumbs-content":"","ast-featured-img":"","footer-sml-layout":"","ast-disable-related-posts":"","theme-transparent-header-meta":"","adv-header-id-meta":"","stick-header-meta":"","header-above-stick-meta":"","header-main-stick-meta":"","header-below-stick-meta":"","astra-migrate-meta-layouts":"default","ast-page-background-enabled":"default","ast-page-background-meta":{"desktop":{"background-color":"var(--ast-global-color-5)","background-image":"","background-repeat":"repeat","background-position":"center center","background-size":"auto","background-attachment":"scroll","background-type":"","background-media":"","overlay-type":"","overlay-color":"","overlay-opacity":"","overlay-gradient":""},"tablet":{"background-color":"","background-image":"","background-repeat":"repeat","background-position":"center center","background-size":"auto","background-attachment":"scroll","background-type":"","background-media":"","overlay-type":"","overlay-color":"","overlay-opacity":"","overlay-gradient":""},"mobile":{"background-color":"","background-image":"","background-repeat":"repeat","background-position":"center center","background-size":"auto","background-attachment":"scroll","background-type":"","background-media":"","overlay-type":"","overlay-color":"","overlay-opacity":"","overlay-gradient":""}},"ast-content-background-meta":{"desktop":{"background-color":"var(--ast-global-color-4)","background-image":"","background-repeat":"repeat","background-position":"center center","background-size":"auto","background-attachment":"scroll","background-type":"","background-media":"","overlay-type":"","overlay-color":"","overlay-opacity":"","overlay-gradient":""},"tablet":{"background-color":"var(--ast-global-color-4)","background-image":"","background-repeat":"repeat","background-position":"center center","background-size":"auto","background-attachment":"scroll","background-type":"","background-media":"","overlay-type":"","overlay-color":"","overlay-opacity":"","overlay-gradient":""},"mobile":{"background-color":"var(--ast-global-color-4)","background-image":"","background-repeat":"repeat","background-position":"center center","background-size":"auto","background-attachment":"scroll","background-type":"","background-media":"","overlay-type":"","overlay-color":"","overlay-opacity":"","overlay-gradient":""}},"footnotes":""},"class_list":["post-9","page","type-page","status-publish","hentry"],"uagb_featured_image_src":{"full":false,"thumbnail":false,"medium":false,"medium_large":false,"large":false,"1536x1536":false,"2048x2048":false},"uagb_author_info":{"display_name":"agnieszka_sopel","author_link":"https:\/\/agnieszka-dominik.pl\/?author=1"},"uagb_comment_info":0,"uagb_excerpt":"Link do dysku r\u00f3wnie\u017c udost\u0119pnimy wkr\u00f3tce","_links":{"self":[{"href":"https:\/\/agnieszka-dominik.pl\/index.php?rest_route=\/wp\/v2\/pages\/9","targetHints":{"allow":["GET"]}}],"collection":[{"href":"https:\/\/agnieszka-dominik.pl\/index.php?rest_route=\/wp\/v2\/pages"}],"about":[{"href":"https:\/\/agnieszka-dominik.pl\/index.php?rest_route=\/wp\/v2\/types\/page"}],"author":[{"embeddable":true,"href":"https:\/\/agnieszka-dominik.pl\/index.php?rest_route=\/wp\/v2\/users\/1"}],"replies":[{"embeddable":true,"href":"https:\/\/agnieszka-dominik.pl\/index.php?rest_route=%2Fwp%2Fv2%2Fcomments&post=9"}],"version-history":[{"count":4,"href":"https:\/\/agnieszka-dominik.pl\/index.php?rest_route=\/wp\/v2\/pages\/9\/revisions"}],"predecessor-version":[{"id":223,"href":"https:\/\/agnieszka-dominik.pl\/index.php?rest_route=\/wp\/v2\/pages\/9\/revisions\/223"}],"wp:attachment":[{"href":"https:\/\/agnieszka-dominik.pl\/index.php?rest_route=%2Fwp%2Fv2%2Fmedia&parent=9"}],"curies":[{"name":"wp","href":"https:\/\/api.w.org\/{rel}","templated":true}]}}