{"id":18,"date":"2026-03-18T20:20:26","date_gmt":"2026-03-18T19:20:26","guid":{"rendered":"https:\/\/agnieszka-dominik.pl\/?page_id=18"},"modified":"2026-04-12T18:03:55","modified_gmt":"2026-04-12T16:03:55","slug":"potwierdzenie-przybycia","status":"publish","type":"page","link":"https:\/\/agnieszka-dominik.pl\/?page_id=18","title":{"rendered":"Potwierdzenie przybycia"},"content":{"rendered":"\n<p class=\"wp-block-paragraph\">W celu u\u0142atwienia potwierdzenia obecno\u015bci przygotowali\u015bmy formularz, w kt\u00f3rym mo\u017cecie to zrobi\u0107.  <\/p>\n\n\n\n<div class=\"wp-block-buttons is-layout-flex wp-block-buttons-is-layout-flex\">\n<div class=\"wp-block-button\"><a class=\"wp-block-button__link wp-element-button\" href=\"https:\/\/docs.google.com\/forms\/d\/1JoO3y5DblXDrixI1Ja6MMXCRgPd79PZViRUv6UYX9c0\/\">Potwierdzenie przybycia<\/a><\/div>\n<\/div>\n\n\n\n<div class=\"wp-block-group alignwide is-layout-constrained wp-block-group-is-layout-constrained\">\n<h1 class=\"wp-block-heading has-text-align-left alignwide has-large-font-size\" style=\"line-height:1.2\">Agnieszka &#8211; 730 308 140<br>Dominik &#8211; 695 028 961<\/h1>\n<\/div>\n\n\n\n<div class=\"wp-block-group alignfull is-layout-constrained wp-container-core-group-is-layout-37efb7d6 wp-block-group-is-layout-constrained\" style=\"padding-top:var(--wp--preset--spacing--50);padding-right:var(--wp--preset--spacing--50);padding-bottom:var(--wp--preset--spacing--50);padding-left:var(--wp--preset--spacing--50)\">\n<div class=\"wp-block-columns alignwide is-layout-flex wp-container-core-columns-is-layout-3397b2f9 wp-block-columns-is-layout-flex\" style=\"margin-top:0;margin-bottom:0\">\n<div class=\"wp-block-column is-layout-flow wp-container-core-column-is-layout-a7dce961 wp-block-column-is-layout-flow\"><\/div>\n<\/div>\n<\/div>\n","protected":false},"excerpt":{"rendered":"<p>W celu u\u0142atwienia potwierdzenia obecno\u015bci przygotowali\u015bmy formularz, w kt\u00f3rym mo\u017cecie to zrobi\u0107. Agnieszka &#8211; 730 308 140Dominik &#8211; 695 028 [&hellip;]<\/p>\n","protected":false},"author":1,"featured_media":0,"parent":0,"menu_order":1,"comment_status":"closed","ping_status":"closed","template":"","meta":{"_crdt_document":"{\"document\":\"AAAS4+HlhhyRApbIpZUG4+HlhhwTcggwnhIKAg4CEr4BrgEUHgMEhB8BGToCAQIKAkIBDkoAtgMBAgoBDUosAgECCgEBCEgBDUpukgIBAgoBEEoyAgECCgJCASRKdLIDAQIKARFKNAIBAgoBEEoyAgECCgEOSvYCAwIGAwAGBAMADMYsoAIFAAaEFqACBQCRASgDJwAEACcABACBAIQAgQCEAIEAhAGBAIQAgQCEAIEAhAGBAIQAJwAoBCcAKBsnAAcAKAMnAQQAKBAnAIcAKAMnACgPJwAHACgDJwAoAicABAAoDycAhwAoAycAKBInAAcAKAMnAQQAKCYnAIcAKAMnACgTJwAHACgDJwAoEicABwAoAycAKBAnACEAKAGoDMT3LMsqc3RhdGV2ZXJzaW9uZG9jdW1lbnRkYXRlZG9jdW1lbnRzbHVnZG9jdW1lbnRzdGF0dXNkb2N1bWVudHRpdGxlUG90d2llcmR6ZW5pZSBwcnp5YnljaWFkb2N1bWVudGNvbnRlbnQ8IS0tIHdwOnBhcmFncmFwaCAtLT4KPHA+VyBjZWx1IHXFgmF0d2llbmlhIHBvdHdpZXJkemVuaWEgb2JlY25vxZtjaSBwcnp5Z290b3dhbGnFm215IGZvcm11bGFyeiwgdyBrdMOzcnltIG1vxbxlY2llIHRvIHpyb2JpxIcuICA8L3A+CjwhLS0gL3dwOnBhcmFncmFwaCAtLT4KCjwhLS0gd3A6YnV0dG9ucyAtLT4KPGRpdiBjbGFzcz0id3AtYmxvY2stYnV0dG9ucyI+PCEtLSB3cDpidXR0b24gLS0+CjxkaXYgY2xhc3M9IndwLWJsb2NrLWJ1dHRvbiI+PGEgY2xhc3M9IndwLWJsb2NrLWJ1dHRvbl9fbGluayB3cC1lbGVtZW50LWJ1dHRvbiIgaHJlZj0iaHR0cHM6Ly9kb2NzLmdvb2dsZS5jb20vZm9ybXMvZC8xSm9PM3k1RGJsWERyaXhJMUphNk1NWENSZ1BkNzlQWlZpUlV2NlVZWDljMC8iPlBvdHdpZXJkemVuaWUgcHJ6eWJ5Y2lhPC9hPjwvZGl2Pgo8IS0tIC93cDpidXR0b24gLS0+PC9kaXY+CjwhLS0gL3dwOmJ1dHRvbnMgLS0+Cgo8IS0tIHdwOmdyb3VwIHsiYWxpZ24iOiJ3aWRlIiwibGF5b3V0Ijp7InR5cGUiOiJjb25zdHJhaW5lZCJ9fSAtLT4KPGRpdiBjbGFzcz0id3AtYmxvY2stZ3JvdXAgYWxpZ253aWRlIj48IS0tIHdwOmhlYWRpbmcgeyJsZXZlbCI6MSwiYWxpZ24iOiJ3aWRlIiwic3R5bGUiOnsidHlwb2dyYXBoeSI6eyJsaW5lSGVpZ2h0IjoiMS4yIn19LCJmb250U2l6ZSI6ImxhcmdlIn0gLS0+CjxoMSBjbGFzcz0id3AtYmxvY2staGVhZGluZyBoYXMtdGV4dC1hbGlnbi1ldGUgaGFzLWxhcmdlLWZvbnQtc2l6ZSIgc3R5bGU9ImxpbmUtaGVpZ2h0OjEuMiI+QWduaWVzemthIC0gNzMwIDMwOCAxNDA8YnI+RG9taW5payAtIDY5NSAwMjggOTYxPC9oMT4KPCEtLSAvd3A6aGVhZGluZyAtLT48L2Rpdj4KPCEtLSAvd3A6Z3JvdXAgLS0+Cgo8IS0tIHdwOmdyb3VwIHsiYWxpZ24iOiJmdWxsIiwic3R5bGUiOnsic3BhY2luZyI6eyJwYWRkaW5nIjp7InJpZ2h0IjoidmFyOnByZXNldHxzcGFjaW5nfDUwIiwibGVmdCI6InZhcjpwcmVzZXR8c3BhY2luZ3w1MCIsInRvcCI6InZhcjpwcmVzZXR8c3BhY2luZ3w1MCIsImJvdHRvbSI6InZhcjpwcmVzZXR8c3BhY2luZ3w1MCJ9fX0sImxheW91dCI6eyJ0eXBlIjoiY29uc3RyYWluZWQifX0gLS0+CjxkaXYgY2xhc3M9IndwLWJsb2NrLWdyb3VwIGFsaWduZnVsbCIgc3R5bGU9InBhZGRpbmctdG9wOnZhcigtLXdwLS1wcmVzZXQtLXNwYWNpbmctLTUwKTtwYWRkaW5nLXJpZ2h0OnZhcigtLXdwLS1wcmVzZXQtLXNwYWNpbmctLTUwKTtwYWRkaW5nLWJvdHRvbTp2YXIoLS13cC0tcHJlc2V0LS1zcGFjaW5nLS01MCk7cGFkZGluZy1sZWZ0OnZhcigtLXdwLS1wcmVzZXQtLXNwYWNpbmctLTUwKSI+PCEtLSB3cDpjb2x1bW5zIHsiYWxpZ24iOiJ3aWRlIiwic3R5bGUiOnsic3BhY2luZyI6eyJibG9ja0dhcCI6eyJ0b3AiOiIwIiwibGVmdCI6InZhcjpwcmVzZXR8c3BhY2luZ3w0MCJ9LCJtYXJnaW4iOnsidG9wIjoiMCIsImJvdHRvbSI6IjAifX19fSAtLT4KPGRpdiBjbGFzcz0id3AtYmxvY2stY29sdW1ucyBhbGlnbndpZGUiIHN0eWxlPSJtYXJnaW4tdG9wOjA7bWFyZ2luLWJvdHRvbTowIj48IS0tIHdwOmNvbHVtbiB7InN0eWxlIjp7InNwYWNpbmciOnsiYmxvY2tHYXAiOiIwIn19fSAtLT4KPGRpdiBjbGFzcz0id3AtYmxvY2stY29sdW1uIj48L2Rpdj4KPCEtLSAvd3A6Y29sdW1uIC0tPjwvZGl2Pgo8IS0tIC93cDpjb2x1bW5zIC0tPjwvZGl2Pgo8IS0tIC93cDpncm91cCAtLT5kb2N1bWVudGV4Y2VycHRkb2N1bWVudGF1dGhvcmRvY3VtZW50ZmVhdHVyZWRfbWVkaWFkb2N1bWVudGNvbW1lbnRfc3RhdHVzZG9jdW1lbnRwaW5nX3N0YXR1c2RvY3VtZW50dGVtcGxhdGVkb2N1bWVudG1ldGFfdWFnX2N1c3RvbV9wYWdlX2xldmVsX2Nzc3NpdGUtc2lkZWJhci1sYXlvdXRzaXRlLWNvbnRlbnQtbGF5b3V0YXN0LXNpdGUtY29udGVudC1sYXlvdXRzaXRlLWNvbnRlbnQtc3R5bGVzaXRlLXNpZGViYXItc3R5bGVhc3QtZ2xvYmFsLWhlYWRlci1kaXNwbGF5YXN0LWJhbm5lci10aXRsZS12aXNpYmlsaXR5YXN0LW1haW4taGVhZGVyLWRpc3BsYXlhc3QtaGZiLWFib3ZlLWhlYWRlci1kaXNwbGF5YXN0LWhmYi1iZWxvdy1oZWFkZXItZGlzcGxheWFzdC1oZmItbW9iaWxlLWhlYWRlci1kaXNwbGF5c2l0ZS1wb3N0LXRpdGxlYXN0LWJyZWFkY3J1bWJzLWNvbnRlbnRhc3QtZmVhdHVyZWQtaW1nZm9vdGVyLXNtbC1sYXlvdXRhc3QtZGlzYWJsZS1yZWxhdGVkLXBvc3RzdGhlbWUtdHJhbnNwYXJlbnQtaGVhZGVyLW1ldGFhZHYtaGVhZGVyLWlkLW1ldGFzdGljay1oZWFkZXItbWV0YWhlYWRlci1hYm92ZS1zdGljay1tZXRhaGVhZGVyLW1haW4tc3RpY2stbWV0YWhlYWRlci1iZWxvdy1zdGljay1tZXRhYXN0cmEtbWlncmF0ZS1tZXRhLWxheW91dHNhc3QtcGFnZS1iYWNrZ3JvdW5kLWVuYWJsZWRhc3QtcGFnZS1iYWNrZ3JvdW5kLW1ldGFhc3QtY29udGVudC1iYWNrZ3JvdW5kLW1ldGFmb290bm90ZXNkb2N1bWVudGJsb2Nrc2NsaWVudElkaXNWYWxpZG9yaWdpbmFsQ29udGVudG5hbWVhdHRyaWJ1dGVzY29udGVudFcgY2VsdSB1xYJhdHdpZW5pYSBwb3R3aWVyZHplbmlhIG9iZWNub8WbY2kgcHJ6eWdvdG93YWxpxZtteSBmb3JtdWxhcnosIHcga3TDs3J5bSBtb8W8ZWNpZSB0byB6cm9iacSHLiAgZHJvcENhcFVBR0hpZGVEZXNrdG9wVUFHSGlkZU1vYlVBR0hpZGVUYWJVQUdMb2dnZWRJblVBR0xvZ2dlZE91dFVBR0RheVVBR1Jlc3BvbnNpdmVDb25kaXRpb25zVUFHQW5pbWF0aW9uVHlwZVVBR0FuaW1hdGlvblRpbWVVQUdBbmltYXRpb25EZWxheVVBR0FuaW1hdGlvbkVhc2luZ1VBR0FuaW1hdGlvblJlcGVhdFVBR1Bvc2l0aW9uVUFHU3RpY2t5TG9jYXRpb25VQUdTdGlja3lSZXN0cmljdGVkVUFHU3RpY2t5T2Zmc2V0aW5uZXJCbG9ja3NjbGllbnRJZGlzVmFsaWRvcmlnaW5hbENvbnRlbnRuYW1lYXR0cmlidXRlc1VBR0hpZGVEZXNrdG9wVUFHSGlkZU1vYlVBR0hpZGVUYWJVQUdMb2dnZWRJblVBR0xvZ2dlZE91dFVBR0RheVVBR1Jlc3BvbnNpdmVDb25kaXRpb25zVUFHQW5pbWF0aW9uVHlwZVVBR0FuaW1hdGlvblRpbWVVQUdBbmltYXRpb25EZWxheVVBR0FuaW1hdGlvbkVhc2luZ1VBR0FuaW1hdGlvblJlcGVhdFVBR1Bvc2l0aW9uVUFHU3RpY2t5TG9jYXRpb25VQUdTdGlja3lSZXN0cmljdGVkVUFHU3RpY2t5T2Zmc2V0aW5uZXJCbG9ja3NjbGllbnRJZGlzVmFsaWRvcmlnaW5hbENvbnRlbnRuYW1lYXR0cmlidXRlc3RhZ05hbWV0eXBldXJsdGV4dFBvdHdpZXJkemVuaWUgcHJ6eWJ5Y2lhVUFHSGlkZURlc2t0b3BVQUdIaWRlTW9iVUFHSGlkZVRhYlVBR0xvZ2dlZEluVUFHTG9nZ2VkT3V0VUFHRGF5VUFHUmVzcG9uc2l2ZUNvbmRpdGlvbnNVQUdBbmltYXRpb25UeXBlVUFHQW5pbWF0aW9uVGltZVVBR0FuaW1hdGlvbkRlbGF5VUFHQW5pbWF0aW9uRWFzaW5nVUFHQW5pbWF0aW9uUmVwZWF0VUFHUG9zaXRpb25VQUdTdGlja3lMb2NhdGlvblVBR1N0aWNreVJlc3RyaWN0ZWRVQUdTdGlja3lPZmZzZXRpbm5lckJsb2Nrc2NsaWVudElkaXNWYWxpZG9yaWdpbmFsQ29udGVudG5hbWVhdHRyaWJ1dGVzdGFnTmFtZWFsaWdubGF5b3V0VUFHSGlkZURlc2t0b3BVQUdIaWRlTW9iVUFHSGlkZVRhYlVBR0xvZ2dlZEluVUFHTG9nZ2VkT3V0VUFHRGF5VUFHUmVzcG9uc2l2ZUNvbmRpdGlvbnNVQUdBbmltYXRpb25UeXBlVUFHQW5pbWF0aW9uVGltZVVBR0FuaW1hdGlvbkRlbGF5VUFHQW5pbWF0aW9uRWFzaW5nVUFHQW5pbWF0aW9uUmVwZWF0VUFHUG9zaXRpb25VQUdTdGlja3lMb2NhdGlvblVBR1N0aWNreVJlc3RyaWN0ZWRVQUdTdGlja3lPZmZzZXRpbm5lckJsb2Nrc2NsaWVudElkaXNWYWxpZG9yaWdpbmFsQ29udGVudG5hbWVhdHRyaWJ1dGVzY29udGVudEFnbmllc3prYSAtIDczMCAzMDggMTQwPGJyPkRvbWluaWsgLSA2OTUgMDI4IDk2MWxldmVsbGV2ZWxPcHRpb25zcGxhY2Vob2xkZXJib3JkZXJDb2xvcmJhY2tncm91bmRDb2xvcnRleHRDb2xvcmdyYWRpZW50YWxpZ25sb2NrYW5jaG9yY2xhc3NOYW1lZm9udEZhbWlseWZvbnRTaXplZml0VGV4dHN0eWxlbWV0YWRhdGFVQUdVc2VyUm9sZVVBR0Jyb3dzZXJVQUdTeXN0ZW1VQUdIaWRlRGVza3RvcFVBR0hpZGVNb2JVQUdIaWRlVGFiVUFHTG9nZ2VkSW5VQUdMb2dnZWRPdXRVQUdEaXNwbGF5Q29uZGl0aW9uc1VBR0RheXpJbmRleHpJbmRleFRhYmxldHpJbmRleE1vYmlsZVVBR1Jlc3BvbnNpdmVDb25kaXRpb25zVUFHQW5pbWF0aW9uVHlwZVVBR0FuaW1hdGlvblRpbWVVQUdBbmltYXRpb25EZWxheVVBR0FuaW1hdGlvbkVhc2luZ1VBR0FuaW1hdGlvblJlcGVhdFVBR1Bvc2l0aW9uVUFHU3RpY2t5TG9jYXRpb25VQUdTdGlja3lSZXN0cmljdGVkVUFHU3RpY2t5T2Zmc2V0aW5uZXJCbG9ja3NjbGllbnRJZGlzVmFsaWRvcmlnaW5hbENvbnRlbnRuYW1lYXR0cmlidXRlc3RhZ05hbWVhbGlnbnN0eWxlbGF5b3V0VUFHSGlkZURlc2t0b3BVQUdIaWRlTW9iVUFHSGlkZVRhYlVBR0xvZ2dlZEluVUFHTG9nZ2VkT3V0VUFHRGF5VUFHUmVzcG9uc2l2ZUNvbmRpdGlvbnNVQUdBbmltYXRpb25UeXBlVUFHQW5pbWF0aW9uVGltZVVBR0FuaW1hdGlvbkRlbGF5VUFHQW5pbWF0aW9uRWFzaW5nVUFHQW5pbWF0aW9uUmVwZWF0VUFHUG9zaXRpb25VQUdTdGlja3lMb2NhdGlvblVBR1N0aWNreVJlc3RyaWN0ZWRVQUdTdGlja3lPZmZzZXRpbm5lckJsb2Nrc2NsaWVudElkaXNWYWxpZG9yaWdpbmFsQ29udGVudG5hbWVhdHRyaWJ1dGVzaXNTdGFja2VkT25Nb2JpbGVhbGlnbnN0eWxlVUFHSGlkZURlc2t0b3BVQUdIaWRlTW9iVUFHSGlkZVRhYlVBR0xvZ2dlZEluVUFHTG9nZ2VkT3V0VUFHRGF5VUFHUmVzcG9uc2l2ZUNvbmRpdGlvbnNVQUdBbmltYXRpb25UeXBlVUFHQW5pbWF0aW9uVGltZVVBR0FuaW1hdGlvbkRlbGF5VUFHQW5pbWF0aW9uRWFzaW5nVUFHQW5pbWF0aW9uUmVwZWF0VUFHUG9zaXRpb25VQUdTdGlja3lMb2NhdGlvblVBR1N0aWNreVJlc3RyaWN0ZWRVQUdTdGlja3lPZmZzZXRpbm5lckJsb2Nrc2NsaWVudElkaXNWYWxpZG9yaWdpbmFsQ29udGVudG5hbWVhdHRyaWJ1dGVzc3R5bGVVQUdIaWRlRGVza3RvcFVBR0hpZGVNb2JVQUdIaWRlVGFiVUFHTG9nZ2VkSW5VQUdMb2dnZWRPdXRVQUdEYXlVQUdSZXNwb25zaXZlQ29uZGl0aW9uc1VBR0FuaW1hdGlvblR5cGVVQUdBbmltYXRpb25UaW1lVUFHQW5pbWF0aW9uRGVsYXlVQUdBbmltYXRpb25FYXNpbmdVQUdBbmltYXRpb25SZXBlYXRVQUdQb3NpdGlvblVBR1N0aWNreUxvY2F0aW9uVUFHU3RpY2t5UmVzdHJpY3RlZFVBR1N0aWNreU9mZnNldGlubmVyQmxvY2tzc3RhdGV2ZXJzaW9uc3RhdGVzYXZlZEF0c3RhdGVzYXZlZEJ5LCJ0ZXh0QWxpZ24iOiJsZWZ0ImxmIGFsaWdud2lkBQcIBAgECAYIBRcIB48JQQA\/Nw9BAZsPCAcIBggOCA4IC0gBBBpTABdSABkbF1wAHQ8XEBEZHRIRFxYXGhsYGwkIBggHDwQKB6IBBw5KAAsMBhdQABFSAAsREw8LCAcPBAoOSgALDAYXUAARUgALERMPCwgHDwQKBwQDBBcOSgALDAYXUAARUgALERMPCwgHDwQKBwUGDkoACwwGF1AAEVIACxETDwsIBw8ECgcwBQxLAA8JCAUEBgkKCAcFCAsKCQ5KAAsMFEYATAAXUAARUgALERMPCwgHDwQKB0UABg5KAAsMBhdQABFSAAsREw8LCAcPBAoRRQAOSgALDAYXUAARUgALERMPCwgHDwQKBQ5KAAsMBhdQABFSAAsREw8LBQcFBwUHE0EACRIBBAAAAQAAAAEGABsBAADgAQEfQgEBAEEAAgBBAABBAAIAQQAAQQACAEEAAEEAAEEAAAlBAgUHCQpB+AECoAIAfQF3EzIwMjYtMDMtMThUMjA6MjA6MjZ3F3BvdHdpZXJkemVuaWUtcHJ6eWJ5Y2lhdwdwdWJsaXNofQF9AHcGY2xvc2VkdwZjbG9zZWR3AHcAdwdkZWZhdWx0dwB3B2RlZmF1bHR3B2RlZmF1bHR3B2RlZmF1bHR3AHcAdwB3AHcAdwB3AHcAdwB3AHcAdwB3AHcAdwB3AHcAdwdkZWZhdWx0dwdkZWZhdWx0dgMHZGVza3RvcHYMEGJhY2tncm91bmQtY29sb3J3GXZhcigtLWFzdC1nbG9iYWwtY29sb3ItNSkQYmFja2dyb3VuZC1pbWFnZXcAEWJhY2tncm91bmQtcmVwZWF0dwZyZXBlYXQTYmFja2dyb3VuZC1wb3NpdGlvbncNY2VudGVyIGNlbnRlcg9iYWNrZ3JvdW5kLXNpemV3BGF1dG8VYmFja2dyb3VuZC1hdHRhY2htZW50dwZzY3JvbGwPYmFja2dyb3VuZC10eXBldwAQYmFja2dyb3VuZC1tZWRpYXcADG92ZXJsYXktdHlwZXcADW92ZXJsYXktY29sb3J3AA9vdmVybGF5LW9wYWNpdHl3ABBvdmVybGF5LWdyYWRpZW50dwAGdGFibGV0dgwQYmFja2dyb3VuZC1jb2xvcncAEGJhY2tncm91bmQtaW1hZ2V3ABFiYWNrZ3JvdW5kLXJlcGVhdHcGcmVwZWF0E2JhY2tncm91bmQtcG9zaXRpb253DWNlbnRlciBjZW50ZXIPYmFja2dyb3VuZC1zaXpldwRhdXRvFWJhY2tncm91bmQtYXR0YWNobWVudHcGc2Nyb2xsD2JhY2tncm91bmQtdHlwZXcAEGJhY2tncm91bmQtbWVkaWF3AAxvdmVybGF5LXR5cGV3AA1vdmVybGF5LWNvbG9ydwAPb3ZlcmxheS1vcGFjaXR5dwAQb3ZlcmxheS1ncmFkaWVudHcABm1vYmlsZXYMEGJhY2tncm91bmQtY29sb3J3ABBiYWNrZ3JvdW5kLWltYWdldwARYmFja2dyb3VuZC1yZXBlYXR3BnJlcGVhdBNiYWNrZ3JvdW5kLXBvc2l0aW9udw1jZW50ZXIgY2VudGVyD2JhY2tncm91bmQtc2l6ZXcEYXV0bxViYWNrZ3JvdW5kLWF0dGFjaG1lbnR3BnNjcm9sbA9iYWNrZ3JvdW5kLXR5cGV3ABBiYWNrZ3JvdW5kLW1lZGlhdwAMb3ZlcmxheS10eXBldwANb3ZlcmxheS1jb2xvcncAD292ZXJsYXktb3BhY2l0eXcAEG92ZXJsYXktZ3JhZGllbnR3AHYDB2Rlc2t0b3B2DBBiYWNrZ3JvdW5kLWNvbG9ydxl2YXIoLS1hc3QtZ2xvYmFsLWNvbG9yLTQpEGJhY2tncm91bmQtaW1hZ2V3ABFiYWNrZ3JvdW5kLXJlcGVhdHcGcmVwZWF0E2JhY2tncm91bmQtcG9zaXRpb253DWNlbnRlciBjZW50ZXIPYmFja2dyb3VuZC1zaXpldwRhdXRvFWJhY2tncm91bmQtYXR0YWNobWVudHcGc2Nyb2xsD2JhY2tncm91bmQtdHlwZXcAEGJhY2tncm91bmQtbWVkaWF3AAxvdmVybGF5LXR5cGV3AA1vdmVybGF5LWNvbG9ydwAPb3ZlcmxheS1vcGFjaXR5dwAQb3ZlcmxheS1ncmFkaWVudHcABnRhYmxldHYMEGJhY2tncm91bmQtY29sb3J3GXZhcigtLWFzdC1nbG9iYWwtY29sb3ItNCkQYmFja2dyb3VuZC1pbWFnZXcAEWJhY2tncm91bmQtcmVwZWF0dwZyZXBlYXQTYmFja2dyb3VuZC1wb3NpdGlvbncNY2VudGVyIGNlbnRlcg9iYWNrZ3JvdW5kLXNpemV3BGF1dG8VYmFja2dyb3VuZC1hdHRhY2htZW50dwZzY3JvbGwPYmFja2dyb3VuZC10eXBldwAQYmFja2dyb3VuZC1tZWRpYXcADG92ZXJsYXktdHlwZXcADW92ZXJsYXktY29sb3J3AA9vdmVybGF5LW9wYWNpdHl3ABBvdmVybGF5LWdyYWRpZW50dwAGbW9iaWxldgwQYmFja2dyb3VuZC1jb2xvcncZdmFyKC0tYXN0LWdsb2JhbC1jb2xvci00KRBiYWNrZ3JvdW5kLWltYWdldwARYmFja2dyb3VuZC1yZXBlYXR3BnJlcGVhdBNiYWNrZ3JvdW5kLXBvc2l0aW9udw1jZW50ZXIgY2VudGVyD2JhY2tncm91bmQtc2l6ZXcEYXV0bxViYWNrZ3JvdW5kLWF0dGFjaG1lbnR3BnNjcm9sbA9iYWNrZ3JvdW5kLXR5cGV3ABBiYWNrZ3JvdW5kLW1lZGlhdwAMb3ZlcmxheS10eXBldwANb3ZlcmxheS1jb2xvcncAD292ZXJsYXktb3BhY2l0eXcAEG92ZXJsYXktZ3JhZGllbnR3AHcAdyQ5ZTAyOTVhZi0wYmM5LTQ2ZGYtODU1OC0xZTQ0ODEwMGQ4MDJ4d288cD5XIGNlbHUgdcWCYXR3aWVuaWEgcG90d2llcmR6ZW5pYSBvYmVjbm\/Fm2NpIHByenlnb3Rvd2FsacWbbXkgZm9ybXVsYXJ6LCB3IGt0w7NyeW0gbW\/FvGVjaWUgdG8genJvYmnEhy4gIDwvcD53DmNvcmUvcGFyYWdyYXBoeXl5eXl5dQB5dwB9kAZ9AHcEZWFzZXl3AHcDdG9weX0AdyQ3NzcxNmFlZi1mYmIyLTRkMGYtOGVlNi1jMGZiNTEwZWQ5ZjB4dyQ8ZGl2IGNsYXNzPSJ3cC1ibG9jay1idXR0b25zIj48L2Rpdj53DGNvcmUvYnV0dG9uc3l5eXl5dQB5dwB9kAZ9AHcEZWFzZXl3AHcDdG9weX0AdyRmZWIzNWMxZC04NGVjLTQ1NzAtOTExOS1kMzk3NWIwNzUzNjJ4d8YBPGRpdiBjbGFzcz0id3AtYmxvY2stYnV0dG9uIj48YSBjbGFzcz0id3AtYmxvY2stYnV0dG9uX19saW5rIHdwLWVsZW1lbnQtYnV0dG9uIiBocmVmPSJodHRwczovL2RvY3MuZ29vZ2xlLmNvbS9mb3Jtcy9kLzFKb08zeTVEYmxYRHJpeEkxSmE2TU1YQ1JnUGQ3OVBaVmlSVXY2VVlYOWMwLyI+UG90d2llcmR6ZW5pZSBwcnp5YnljaWE8L2E+PC9kaXY+dwtjb3JlL2J1dHRvbncBYXcGYnV0dG9ud01odHRwczovL2RvY3MuZ29vZ2xlLmNvbS9mb3Jtcy9kLzFKb08zeTVEYmxYRHJpeEkxSmE2TU1YQ1JnUGQ3OVBaVmlSVXY2VVlYOWMwL3l5eXl5dQB5dwB9kAZ9AHcEZWFzZXl3AHcDdG9weX0AdyQxZWM3YTJlYS05YzYzLTQxY2QtOWI1Yi1lMzI4ZjZkZmMyYmR4dyw8ZGl2IGNsYXNzPSJ3cC1ibG9jay1ncm91cCBhbGlnbndpZGUiPjwvZGl2PncKY29yZS9ncm91cHcDZGl2dwR3aWRldgEEdHlwZXcLY29uc3RyYWluZWR5eXl5eXUAeXcAfZAGfQB3BGVhc2V5dwB3A3RvcHl9AHckNTdkYmRjNDYtNTgwNC00NjhhLTg3NjUtZTk5YmIzYmE2ZGFkeHeeATxoMSBjbGFzcz0id3AtYmxvY2staGVhZGluZyBhbGlnbndpZGUgaGFzLXRleHQtYWxpZ24tY2VudGVyIGhhcy1sYXJnZS1mb250LXNpemUiIHN0eWxlPSJsaW5lLWhlaWdodDoxLjIiPkFnbmllc3prYSAtIDczMCAzMDggMTQwPGJyPkRvbWluaWsgLSA2OTUgMDI4IDk2MTwvaDE+dwxjb3JlL2hlYWRpbmd9AX9\/f39\/f3cEd2lkZX9\/f393BWxhcmdlf3YBCnR5cG9ncmFwaHl2AgpsaW5lSGVpZ2h0dwMxLjIJdGV4dEFsaWdudwZjZW50ZXJ\/f39\/eXl5eXl\/dQB\/f395dwB9kAZ9AHcEZWFzZXl3AHcDdG9weX0AdyQzMTFmMmY4OS0yZTE2LTQwYTAtYmIzMi02NTg2NzAwNDkwYWZ4d+YBPGRpdiBjbGFzcz0id3AtYmxvY2stZ3JvdXAgYWxpZ25mdWxsIiBzdHlsZT0icGFkZGluZy10b3A6dmFyKC0td3AtLXByZXNldC0tc3BhY2luZy0tNTApO3BhZGRpbmctcmlnaHQ6dmFyKC0td3AtLXByZXNldC0tc3BhY2luZy0tNTApO3BhZGRpbmctYm90dG9tOnZhcigtLXdwLS1wcmVzZXQtLXNwYWNpbmctLTUwKTtwYWRkaW5nLWxlZnQ6dmFyKC0td3AtLXByZXNldC0tc3BhY2luZy0tNTApIj48L2Rpdj53CmNvcmUvZ3JvdXB3A2RpdncEZnVsbHYBB3NwYWNpbmd2AQdwYWRkaW5ndgQFcmlnaHR3FXZhcjpwcmVzZXR8c3BhY2luZ3w1MARsZWZ0dxV2YXI6cHJlc2V0fHNwYWNpbmd8NTADdG9wdxV2YXI6cHJlc2V0fHNwYWNpbmd8NTAGYm90dG9tdxV2YXI6cHJlc2V0fHNwYWNpbmd8NTB2AQR0eXBldwtjb25zdHJhaW5lZHl5eXl5dQB5dwB9kAZ9AHcEZWFzZXl3AHcDdG9weX0AdyRjZjM2NDE3Yy1lMGUzLTQzYzktYjczYS01MGQyZmI0OTdjMjl4d1M8ZGl2IGNsYXNzPSJ3cC1ibG9jay1jb2x1bW5zIGFsaWdud2lkZSIgc3R5bGU9Im1hcmdpbi10b3A6MDttYXJnaW4tYm90dG9tOjAiPjwvZGl2PncMY29yZS9jb2x1bW5zeHcEd2lkZXYBB3NwYWNpbmd2AghibG9ja0dhcHYCA3RvcHcBMARsZWZ0dxV2YXI6cHJlc2V0fHNwYWNpbmd8NDAGbWFyZ2ludgIDdG9wdwEwBmJvdHRvbXcBMHl5eXl5dQB5dwB9kAZ9AHcEZWFzZXl3AHcDdG9weX0AdyQxMjVmZWI4MC0yZGI1LTQ4NjctODdlZi01YTNkNTdiNWUyOGN4dyM8ZGl2IGNsYXNzPSJ3cC1ibG9jay1jb2x1bW4iPjwvZGl2PncLY29yZS9jb2x1bW52AQdzcGFjaW5ndgEIYmxvY2tHYXB3ATB5eXl5eXUAeXcAfZAGfQB3BGVhc2V5dwB3A3RvcHl9ABQAe0J52Cb5KRAAfZbIpZUGf39\/f39\/f392AQp0eXBvZ3JhcGh5dgIKbGluZUhlaWdodHcDMS4yCXRleHRBbGlnbncEbGVmdH9\/f38C4\/Cygw4M7AQEAQYBCHYJDwABAAIAlgoEAgICAAECBQCW5NKKAwEAAA==\",\"updateId\":467512565}","_uag_custom_page_level_css":"","site-sidebar-layout":"default","site-content-layout":"","ast-site-content-layout":"default","site-content-style":"default","site-sidebar-style":"default","ast-global-header-display":"","ast-banner-title-visibility":"","ast-main-header-display":"","ast-hfb-above-header-display":"","ast-hfb-below-header-display":"","ast-hfb-mobile-header-display":"","site-post-title":"","ast-breadcrumbs-content":"","ast-featured-img":"","footer-sml-layout":"","ast-disable-related-posts":"","theme-transparent-header-meta":"","adv-header-id-meta":"","stick-header-meta":"","header-above-stick-meta":"","header-main-stick-meta":"","header-below-stick-meta":"","astra-migrate-meta-layouts":"default","ast-page-background-enabled":"default","ast-page-background-meta":{"desktop":{"background-color":"var(--ast-global-color-5)","background-image":"","background-repeat":"repeat","background-position":"center center","background-size":"auto","background-attachment":"scroll","background-type":"","background-media":"","overlay-type":"","overlay-color":"","overlay-opacity":"","overlay-gradient":""},"tablet":{"background-color":"","background-image":"","background-repeat":"repeat","background-position":"center center","background-size":"auto","background-attachment":"scroll","background-type":"","background-media":"","overlay-type":"","overlay-color":"","overlay-opacity":"","overlay-gradient":""},"mobile":{"background-color":"","background-image":"","background-repeat":"repeat","background-position":"center center","background-size":"auto","background-attachment":"scroll","background-type":"","background-media":"","overlay-type":"","overlay-color":"","overlay-opacity":"","overlay-gradient":""}},"ast-content-background-meta":{"desktop":{"background-color":"var(--ast-global-color-4)","background-image":"","background-repeat":"repeat","background-position":"center center","background-size":"auto","background-attachment":"scroll","background-type":"","background-media":"","overlay-type":"","overlay-color":"","overlay-opacity":"","overlay-gradient":""},"tablet":{"background-color":"var(--ast-global-color-4)","background-image":"","background-repeat":"repeat","background-position":"center center","background-size":"auto","background-attachment":"scroll","background-type":"","background-media":"","overlay-type":"","overlay-color":"","overlay-opacity":"","overlay-gradient":""},"mobile":{"background-color":"var(--ast-global-color-4)","background-image":"","background-repeat":"repeat","background-position":"center center","background-size":"auto","background-attachment":"scroll","background-type":"","background-media":"","overlay-type":"","overlay-color":"","overlay-opacity":"","overlay-gradient":""}},"footnotes":""},"class_list":["post-18","page","type-page","status-publish","hentry"],"uagb_featured_image_src":{"full":false,"thumbnail":false,"medium":false,"medium_large":false,"large":false,"1536x1536":false,"2048x2048":false},"uagb_author_info":{"display_name":"agnieszka_sopel","author_link":"https:\/\/agnieszka-dominik.pl\/?author=1"},"uagb_comment_info":0,"uagb_excerpt":"W celu u\u0142atwienia potwierdzenia obecno\u015bci przygotowali\u015bmy formularz, w kt\u00f3rym mo\u017cecie to zrobi\u0107. Agnieszka &#8211; 730 308 140Dominik &#8211; 695 028 [&hellip;]","_links":{"self":[{"href":"https:\/\/agnieszka-dominik.pl\/index.php?rest_route=\/wp\/v2\/pages\/18","targetHints":{"allow":["GET"]}}],"collection":[{"href":"https:\/\/agnieszka-dominik.pl\/index.php?rest_route=\/wp\/v2\/pages"}],"about":[{"href":"https:\/\/agnieszka-dominik.pl\/index.php?rest_route=\/wp\/v2\/types\/page"}],"author":[{"embeddable":true,"href":"https:\/\/agnieszka-dominik.pl\/index.php?rest_route=\/wp\/v2\/users\/1"}],"replies":[{"embeddable":true,"href":"https:\/\/agnieszka-dominik.pl\/index.php?rest_route=%2Fwp%2Fv2%2Fcomments&post=18"}],"version-history":[{"count":13,"href":"https:\/\/agnieszka-dominik.pl\/index.php?rest_route=\/wp\/v2\/pages\/18\/revisions"}],"predecessor-version":[{"id":191,"href":"https:\/\/agnieszka-dominik.pl\/index.php?rest_route=\/wp\/v2\/pages\/18\/revisions\/191"}],"wp:attachment":[{"href":"https:\/\/agnieszka-dominik.pl\/index.php?rest_route=%2Fwp%2Fv2%2Fmedia&parent=18"}],"curies":[{"name":"wp","href":"https:\/\/api.w.org\/{rel}","templated":true}]}}